{"id":163,"date":"2022-02-11T12:44:28","date_gmt":"2022-02-11T11:44:28","guid":{"rendered":"https:\/\/guitaresenchansons.fr\/?page_id=163"},"modified":"2022-02-11T12:44:28","modified_gmt":"2022-02-11T11:44:28","slug":"reglement-interieur","status":"publish","type":"page","link":"https:\/\/guitaresenchansons.fr\/?page_id=163","title":{"rendered":"R\u00e8glement interieur"},"content":{"rendered":"\n<p> <br>R\u00c8GLEMENT INTERIEUR DE L\u2019ASSOCIATION \u201cGUITARES EN CHANSONS\u201d<br><br>1) L\u2019association \u201cGUITARES EN CHANSONS\u201d est h\u00e9berg\u00e9e statutairement en \u201cMairie de LAGORCE\u201d.<br><br>2) La cotisation annuelle sera fix\u00e9e \u00e0 : 20 \u20ac au 1er janvier de l\u2019ann\u00e9e civile.<br><br>3) L\u2019association \u201cGUITARES EN CHANSONS\u201d b\u00e9n\u00e9ficie d\u2019une soir\u00e9e par mois dans la salle de concert<br>\u201cLA CRYPTE \u00e0 LAGORCE\u201d.<br>L\u2019entr\u00e9e est gratuite, et ouverte au public adh\u00e9rent et\/ou non adh\u00e9rent.<br><br>4) L\u2019association \u201cGUITARES EN CHANSONS\u201d organisera la soir\u00e9e dans le respect de la r\u00e9glementation sanitaire<br>en vigueur, et dans le respect de la convention sign\u00e9e entre la Mairie et l\u2019Association.<br><br>5) L\u2019association \u201cGUITARES EN CHANSONS\u201d se r\u00e9serve la possibilit\u00e9 d\u2019organiser une soir\u00e9e spectacle au profit<br>d\u2019une association caritative de type \u201cLIGUE CONTRE LE CANCER\u201d avec une participation payante.<br><br>6) L\u2019association \u201cGUITARES EN CHANSONS\u201d se r\u00e9serve la possibilit\u00e9 d\u2019organiser des soir\u00e9es d\u00e9localis\u00e9es dans<br>un autre lieu.<br><br>7) Pourront se produire sur sc\u00e8ne les membres musiciens (tous instruments) et\/ou chanteurs et\/ou narrateurs<br>\u00e0 jour de leur cotisation, \u201cavec 1 guitare au minimum en accompagnement\u201d.<br><br>8) La programmation des intervenants sera pr\u00e9\u00e9tablie par un responsable du Bureau dans la semaine<br>pr\u00e9c\u00e9dant l\u2019animation musicale de mani\u00e8re \u00e0 g\u00e9rer efficacement le TIMING.<br>A partir de ce listing, la sc\u00e8ne pourra \u00eatre ouverte pour un morceau \u00e0 des non-adh\u00e9rents parrain\u00e9s par un<br>membre de l\u2019association dans la limite de 3 par soir\u00e9e apr\u00e8s validation du Bureau.<br><br>9) En fonction du nombre d&rsquo;intervenants pr\u00e9vus, la dur\u00e9e de la prestation sera limit\u00e9e \u00e0 15 minutes<br>MAXIMUM. Si le nombre d&rsquo;intervenants est plus important, la dur\u00e9e de la prestation sera modifiable apr\u00e8s<br>validation du Bureau.<br><br>10) L\u2019animation musicale se d\u00e9roulera dans la mesure de la disponibilit\u00e9 de la salle \u201cLA CRYPTE\u201d le troisi\u00e8me<br>mercredi du mois. Elle d\u00e9marrera \u00e0 20h30 pr\u00e9cise, et sera limit\u00e9e \u00e0 une dur\u00e9e de :<br>&#8211; 1\u00e8re PARTIE &#8230; 1 h<br>Suivi d\u2019un ENTR&rsquo;ACTE de 20 minutes avec Buvette.<br>&#8211; 2\u00e8me PARTIE &#8230; 1h (avec la possibilit\u00e9 de la r\u00e9server \u00e0 un invit\u00e9 d\u2019honneur apr\u00e8s validation du<br>Bureau.<br><br>11) La BUVETTE pourra \u00eatre confi\u00e9e \u00e0 l\u2019association, et\/ou \u00e0 une association locale (PRIORITAIRE), et\/ou en cas<br>de d\u00e9faut \u00e0 une association de substitution.<br><br>12) La r\u00e9gie son et lumi\u00e8re sera confi\u00e9e au membre du Bureau qui a \u00e9t\u00e9 d\u00e9sign\u00e9, assist\u00e9 d\u2019une autre personne<br>comp\u00e9tente et faisant partie de l\u2019association.<br><br>Dates retenues pour la saison 2022:<br><br>LA CRYPTE: Les 19\/01, 16\/02, 16\/03, 20\/04 &#8230; Puis les 19\/10, 16\/11, 21\/12.<br><br>LA R\u00c9SIDENCE DU CHASSEZAC : Les 18\/05, 15\/06, 21\/09.<br><br>LA F\u00caTE DE LA MUSIQUE le 21\/06 peut \u00eatre envisag\u00e9e, en un LIEU A D\u00c9FINIR.<br><br><br><br>\u00ab Fait \u00e0 LAGORCE, le 20 d\u00e9cembre 2021. \u00bb<br>Le Pr\u00e9sident Le Tr\u00e9sorier Le Secr\u00e9taire Le Responsable Communication<br>Christian SAPIN Patrick ROUVEYROL Sadek MOHAMED Eric BENOIST<\/p>\n","protected":false},"excerpt":{"rendered":"<p>R\u00c8GLEMENT INTERIEUR DE L\u2019ASSOCIATION \u201cGUITARES EN CHANSONS\u201d 1) L\u2019association \u201cGUITARES EN CHANSONS\u201d est h\u00e9berg\u00e9e statutairement en \u201cMairie de LAGORCE\u201d. 2) La cotisation annuelle sera fix\u00e9e \u00e0 : 20 \u20ac au 1er janvier de l\u2019ann\u00e9e civile. 3) L\u2019association \u201cGUITARES EN CHANSONS\u201d b\u00e9n\u00e9ficie d\u2019une soir\u00e9e par mois dans la salle de concert\u201cLA CRYPTE \u00e0 LAGORCE\u201d.L\u2019entr\u00e9e est gratuite, [&hellip;]<\/p>\n","protected":false},"author":1,"featured_media":0,"parent":0,"menu_order":0,"comment_status":"closed","ping_status":"closed","template":"","meta":{"footnotes":""},"class_list":["post-163","page","type-page","status-publish","hentry"],"_links":{"self":[{"href":"https:\/\/guitaresenchansons.fr\/index.php?rest_route=\/wp\/v2\/pages\/163","targetHints":{"allow":["GET"]}}],"collection":[{"href":"https:\/\/guitaresenchansons.fr\/index.php?rest_route=\/wp\/v2\/pages"}],"about":[{"href":"https:\/\/guitaresenchansons.fr\/index.php?rest_route=\/wp\/v2\/types\/page"}],"author":[{"embeddable":true,"href":"https:\/\/guitaresenchansons.fr\/index.php?rest_route=\/wp\/v2\/users\/1"}],"replies":[{"embeddable":true,"href":"https:\/\/guitaresenchansons.fr\/index.php?rest_route=%2Fwp%2Fv2%2Fcomments&post=163"}],"version-history":[{"count":1,"href":"https:\/\/guitaresenchansons.fr\/index.php?rest_route=\/wp\/v2\/pages\/163\/revisions"}],"predecessor-version":[{"id":164,"href":"https:\/\/guitaresenchansons.fr\/index.php?rest_route=\/wp\/v2\/pages\/163\/revisions\/164"}],"wp:attachment":[{"href":"https:\/\/guitaresenchansons.fr\/index.php?rest_route=%2Fwp%2Fv2%2Fmedia&parent=163"}],"curies":[{"name":"wp","href":"https:\/\/api.w.org\/{rel}","templated":true}]}}